{"id":2187,"date":"2019-06-19T11:01:50","date_gmt":"2019-06-19T09:01:50","guid":{"rendered":"http:\/\/himin.es\/himin\/?page_id=2187"},"modified":"2019-06-19T12:02:37","modified_gmt":"2019-06-19T10:02:37","slug":"sobre-nosotros","status":"publish","type":"page","link":"https:\/\/himin.es\/himin\/sobre-nosotros\/","title":{"rendered":"Sobre nosotros"},"content":{"rendered":"<p>\r\n<section class=\"sh-section sh-section-75d8d1ff77fde0efb27efd4a8b1a0ad1 fw-main-row sh-section-visibility-everywhere\">\r\n\t\r\n\t\t\t<script type=\"text\/javascript\">\r\n\t\t\tjQuery(document).ready(function($) {\r\n\t\t\t\t\r\n\t\t\t\t\tif( $(window).width() >= 800 ) {\r\n\t\t\t\t\t\tif( document.documentMode || \/Edge\/.test(navigator.userAgent) ) {\r\n\t\t\t\t\t\t\t$('.sh-section-75d8d1ff77fde0efb27efd4a8b1a0ad1').css( 'background-attachment', 'fixed' );\r\n\t\t\t\t\t\t} else {\r\n\t\t\t\t\t\t\t$('.sh-section-75d8d1ff77fde0efb27efd4a8b1a0ad1').jarallax({\r\n\t\t\t\t\t\t\t\tspeed: 0.2\t\t\t\t\t\t\t});\r\n\t\t\t\t\t\t}\r\n\t\t\t\t\t}\r\n\r\n\t\t\t\t\t\t\t\t\t\t\t});\r\n\t\t<\/script>\r\n\t\r\n\t<div class=\"sh-section-container container-fluid section-justify-height sh-section-mobile-alignment-center\">\r\n\t\t<div class=\"fw-row\">\n\t\r\n<div class=\"sh-column sh-column-fe5dcdcb4a5fd640e3199cd2a18a79c5 fw-col-xs-12\" >\r\n\r\n\t\r\n\t<div class=\"sh-column-wrapper\">\r\n\t\t\r\n<div class=\"sh-empty-space\" id=\"empty-space-3db9eab21ccbe32b2c332b21a0ae0d09\"><\/div>\r\n\t<\/div>\r\n<\/div>\r\n<\/div>\n\n\t<\/div>\r\n<\/section>\r\n\r\n<section class=\"sh-section sh-section-f0eac0012872ae4e68332ecf6f74ad30 fw-main-row sh-section-visibility-everywhere sh-animated fadeInUp\" id=\"testimonials\" data-wow-duration=\"1s\" >\r\n\t\r\n\t\r\n\t<div class=\"sh-section-container container-fluid section-justify-height sh-section-mobile-alignment-center\">\r\n\t\t<div class=\"fw-row\">\n\t\r\n<div class=\"sh-column sh-column-fe5dcdcb4a5fd640e3199cd2a18a79c5 fw-col-xs-12\" >\r\n\r\n\t\r\n\t<div class=\"sh-column-wrapper\">\r\n\t\t\r\n<div id=\"text-block-352efc15134c16187dbdd60dd543d694\" class=\"sh-text-block\">\r\n\t<p><img class=\"size-full wp-image-2138 aligncenter\" src=\"https:\/\/himin.es\/himin\/wp-content\/uploads\/2019\/06\/img_sobre_nosotros.png\" alt=\"\" width=\"3334\" height=\"2264\" \/><\/p><\/div>\r\n\t<\/div>\r\n<\/div>\r\n<\/div>\n\n\t<\/div>\r\n<\/section>\r\n\r\n<section class=\"sh-section sh-section-4b57209fe3c122a5046e9850044fdff3 fw-main-row sh-section-visibility-everywhere\">\r\n\t\r\n\t\r\n\t<div class=\"sh-section-container container\">\r\n\t\t<div class=\"fw-row\">\n\t\r\n<div class=\"sh-column sh-column-fe5dcdcb4a5fd640e3199cd2a18a79c5 fw-col-xs-12\" >\r\n\r\n\t\r\n\t<div class=\"sh-column-wrapper\">\r\n\t\t\r\n<div class=\"sh-empty-space\" id=\"empty-space-b5b4ea4112521669bf0da94bb2f6c729\"><\/div>\r\n\t<\/div>\r\n<\/div>\r\n<\/div>\n\n<div class=\"fw-row\">\n\t\r\n<div class=\"sh-column sh-column-4cb41b980f7d1b7a53f68ad6f6d1cd16 fw-col-xs-12 fw-col-sm-8\" >\r\n\r\n\t\r\n\t<div class=\"sh-column-wrapper\">\r\n\t\t\r\n<div id=\"text-block-b17b503d7223f070933da5cff74a2bfb\" class=\"sh-text-block\">\r\n\t<p><img class=\"size-full wp-image-2168 alignleft\" src=\"https:\/\/himin.es\/himin\/wp-content\/uploads\/2019\/06\/objects.png\" alt=\"\" width=\"897\" height=\"397\" \/><\/p><\/div>\r\n\t<\/div>\r\n<\/div>\r\n\r\n<div class=\"sh-column sh-column-1a88c457f76b19390db5f93c1d21b521 fw-col-xs-12 fw-col-sm-4\" >\r\n\r\n\t\r\n\t<div class=\"sh-column-wrapper\">\r\n\t\t\r\n<div class=\"sh-empty-space\" id=\"empty-space-463663ff0c0a4f951bd3dc91116a34d0\"><\/div>\r\n\r\n<div class=\"sh-heading\" id=\"heading-c9667dae1eac60fba8601654e6a1dd11\">\r\n\r\n\t\r\n\t\t<h2 class=\"sh-heading-content size-default text-left\">\r\n\t\t\tEsfuerzo, experiencia y calidad\t\t<\/h2>\r\n\r\n\t\r\n<\/div>\r\n\r\n<div class=\"sh-empty-space\" id=\"empty-space-f33a475e73c8d7f3edd29c383ad1c170\"><\/div>\r\n\r\n<div id=\"text-block-e72b7a132be4cde4d2cbda8c2baa604f\" class=\"sh-text-block\">\r\n\t<p style=\"font-weight: 400;\">Somos un grupo de empresas internacionales cuyo proyecto lleva ya m\u00e1s de 12 a\u00f1os desarroll\u00e1ndose en el sector de las energ\u00edas renovables y m\u00e1s particularmente en el negocio de la energ\u00eda solar.<\/p><p style=\"font-weight: 400;\">Conformamos un gran equipo con enorme potencial, lo que nos permite abordar cualquier tipo de proyecto, adem\u00e1s de adaptarnos a todo requisito estructural y fabricar seg\u00fan las especificaciones del cliente, manteniendo nuestro car\u00e1cter diferenciador, la calidad.<\/p><\/div>\r\n\t<\/div>\r\n<\/div>\r\n<\/div>\n\n\t<\/div>\r\n<\/section>\r\n\r\n<section class=\"sh-section sh-section-53dad444d3159dfc678640ae01c3f2cc fw-main-row sh-section-visibility-everywhere\">\r\n\t\r\n\t\r\n\t<div class=\"sh-section-container container\">\r\n\t\t<div class=\"fw-row\">\n\t\r\n<div class=\"sh-column sh-column-58f5df1cfd885933d645ce42d4048389 fw-col-xs-12 fw-col-sm-6 sh-column-mobile-padding\" >\r\n\r\n\t\r\n\t<div class=\"sh-column-wrapper\">\r\n\t\t\r\n<div class=\"sh-heading\" id=\"heading-ba837e36dc47d7b789bab6468a8d6eea\">\r\n\r\n\t\r\n\t\t<span class=\"sh-heading-content size-xs text-left\">\r\n\t\t\tNUESTROS SERVICIOS\t\t<\/span>\r\n\r\n\t\r\n<\/div>\r\n\r\n<div class=\"sh-heading\" id=\"heading-5cd9d4297d57218c4a3078f07cdbf0bd\">\r\n\r\n\t\r\n\t\t<h3 class=\"sh-heading-content size-m text-left\">\r\n\t\t\tTe acompa\u00f1amos en cada paso del proceso\t\t<\/h3>\r\n\r\n\t\r\n<\/div>\r\n\t<\/div>\r\n<\/div>\r\n<\/div>\n\n\t<\/div>\r\n<\/section>\r\n\r\n<section class=\"sh-section sh-section-9fdba6a258a07c5cb83c372e253380f2 fw-main-row sh-section-visibility-everywhere\">\r\n\t\r\n\t\t\t<script type=\"text\/javascript\">\r\n\t\t\tjQuery(document).ready(function($) {\r\n\t\t\t\t\r\n\t\t\t\t\tif( $(window).width() >= 800 ) {\r\n\t\t\t\t\t\tif( document.documentMode || \/Edge\/.test(navigator.userAgent) ) {\r\n\t\t\t\t\t\t\t$('.sh-section-9fdba6a258a07c5cb83c372e253380f2').css( 'background-attachment', 'fixed' );\r\n\t\t\t\t\t\t} else {\r\n\t\t\t\t\t\t\t$('.sh-section-9fdba6a258a07c5cb83c372e253380f2').jarallax({\r\n\t\t\t\t\t\t\t\tspeed: 0.2\t\t\t\t\t\t\t});\r\n\t\t\t\t\t\t}\r\n\t\t\t\t\t}\r\n\r\n\t\t\t\t\t\t\t\t\t\t\t});\r\n\t\t<\/script>\r\n\t\r\n\t<div class=\"sh-section-container container-fluid section-justify-height sh-section-mobile-alignment-center\">\r\n\t\t<div class=\"fw-row\">\n\t\r\n<div class=\"sh-column sh-column-fe5dcdcb4a5fd640e3199cd2a18a79c5 fw-col-xs-12\" >\r\n\r\n\t\r\n\t<div class=\"sh-column-wrapper\">\r\n\t\t\r\n<div class=\"sh-empty-space\" id=\"empty-space-60290b34e7dbf75555813b29be2ea83b\"><\/div>\r\n\t<\/div>\r\n<\/div>\r\n<\/div>\n\n\t<\/div>\r\n<\/section>\r\n\r\n<section class=\"sh-section sh-section-657dcd0d3e2d7a8ad870de1f1d03c181 fw-main-row sh-section-visibility-everywhere sh-animated fadeInUp\" data-wow-duration=\"1s\" >\r\n\t\r\n\t\r\n\t<div class=\"sh-section-container container\">\r\n\t\t<div class=\"fw-row\">\n\t\r\n<div class=\"sh-column sh-column-409b12a21164d3f742f6ce5c9cd65b03 fw-col-xs-12 fw-col-sm-3\" >\r\n\r\n\t\r\n\t<div class=\"sh-column-wrapper\">\r\n\t\t\r\n<div id=\"counter-1fdff29b1bf5923d7fae7065765cad76\" class=\"sh-counter sh-counter-style2\">\r\n\t\r\n\t\t<div class=\"sh-counter-icon\"><i class=\"\"><\/i><\/div>\r\n\t\t<div class=\"sh-counter-number sh-counter-animate size-default\">1<\/div>\r\n\t\t<div class=\"sh-counter-divider\"><\/div>\r\n\t\t<span class=\"sh-counter-title\">DISE\u00d1O<\/span>\r\n\t\t\r\n\t<\/div>\r\n\t<\/div>\r\n<\/div>\r\n\r\n<div class=\"sh-column sh-column-0de965a3f8981ff5b7e526cdded88098 fw-col-xs-12 fw-col-sm-3\" >\r\n\r\n\t\r\n\t<div class=\"sh-column-wrapper\">\r\n\t\t\r\n<div id=\"counter-e767996df01df85dd0a04c8fec659332\" class=\"sh-counter sh-counter-style2\">\r\n\t\r\n\t\t<div class=\"sh-counter-icon\"><i class=\"\"><\/i><\/div>\r\n\t\t<div class=\"sh-counter-number sh-counter-animate size-default\">2<\/div>\r\n\t\t<div class=\"sh-counter-divider\"><\/div>\r\n\t\t<span class=\"sh-counter-title\">CONSULTOR\u00cdA<\/span>\r\n\t\t\r\n\t<\/div>\r\n\t<\/div>\r\n<\/div>\r\n\r\n<div class=\"sh-column sh-column-29f8688ed9013155c12b6352ed20732a fw-col-xs-12 fw-col-sm-3\" >\r\n\r\n\t\r\n\t<div class=\"sh-column-wrapper\">\r\n\t\t\r\n<div id=\"counter-a737895db2d5bb5a7605aa701d3dd631\" class=\"sh-counter sh-counter-style2\">\r\n\t\r\n\t\t<div class=\"sh-counter-icon\"><i class=\"\"><\/i><\/div>\r\n\t\t<div class=\"sh-counter-number sh-counter-animate size-default\">3<\/div>\r\n\t\t<div class=\"sh-counter-divider\"><\/div>\r\n\t\t<span class=\"sh-counter-title\">INGENIER\u00cdA<\/span>\r\n\t\t\r\n\t<\/div>\r\n\t<\/div>\r\n<\/div>\r\n\r\n<div class=\"sh-column sh-column-d441eb42f0ec25543d454f2eca5650ab fw-col-xs-12 fw-col-sm-3\" >\r\n\r\n\t\r\n\t<div class=\"sh-column-wrapper\">\r\n\t\t\r\n<div id=\"counter-b2b697cf86674c306f30978ea4456543\" class=\"sh-counter sh-counter-style2\">\r\n\t\r\n\t\t<div class=\"sh-counter-icon\"><i class=\"\"><\/i><\/div>\r\n\t\t<div class=\"sh-counter-number sh-counter-animate size-default\">4<\/div>\r\n\t\t<div class=\"sh-counter-divider\"><\/div>\r\n\t\t<span class=\"sh-counter-title\">DESARROLLO<\/span>\r\n\t\t\r\n\t<\/div>\r\n\t<\/div>\r\n<\/div>\r\n<\/div>\n\n<div class=\"fw-row\">\n\t\r\n<div class=\"sh-column sh-column-fe5dcdcb4a5fd640e3199cd2a18a79c5 fw-col-xs-12\" >\r\n\r\n\t\r\n\t<div class=\"sh-column-wrapper\">\r\n\t\t\r\n<div class=\"sh-empty-space\" id=\"empty-space-93735bcd659e050c21c5a83e3ef77a29\"><\/div>\r\n\t<\/div>\r\n<\/div>\r\n<\/div>\n\n\t<\/div>\r\n<\/section>\r\n\r\n<section class=\"sh-section sh-section-528b80247c5a1db83961a4f74898350e fw-main-row sh-section-visibility-everywhere\">\r\n\t\r\n\t\r\n\t<div class=\"sh-section-container container\">\r\n\t\t<div class=\"fw-row\">\n\t\r\n<div class=\"sh-column sh-column-fe5dcdcb4a5fd640e3199cd2a18a79c5 fw-col-xs-12\" >\r\n\r\n\t\r\n\t<div class=\"sh-column-wrapper\">\r\n\t\t\r\n<div class=\"sh-empty-space\" id=\"empty-space-6615708cd9b8bd5123f346507b08077b\"><\/div>\r\n\t<\/div>\r\n<\/div>\r\n<\/div>\n\n<div class=\"fw-row\">\n\t\r\n<div class=\"sh-column sh-column-bd2390ebf813de15fd112a6e1ac29f72 fw-col-xs-12 fw-col-sm-4\" >\r\n\r\n\t\r\n\t<div class=\"sh-column-wrapper\">\r\n\t\t\r\n<div class=\"sh-empty-space\" id=\"empty-space-e6c6e3f62dc5042a9f47650bb3f4d533\"><\/div>\r\n\r\n<div class=\"sh-heading\" id=\"heading-1f686d7bf40fe93702499ec1096d9847\">\r\n\r\n\t\r\n\t\t<h2 class=\"sh-heading-content size-default text-left\">\r\n\t\t\tElegimos la cercan\u00eda al cliente\t\t<\/h2>\r\n\r\n\t\r\n<\/div>\r\n\r\n<div id=\"text-block-b70d1dec024aac91d87fe5553578be82\" class=\"sh-text-block\">\r\n\t<p style=\"font-weight: 400;\">Nos esforzamos d\u00eda a d\u00eda por conocer las necesidades reales de cada cliente, adaptando nuestros productos a los cambios que se producen en el mercado y en la demanda para lograr la m\u00e1xima satisfacci\u00f3n.<\/p><p style=\"font-weight: 400;\">Pretendemos hacer de la energ\u00eda solar una fuente de energ\u00eda inagotable al alcance de todos y por ello trabajamos para ofrecer las mejores soluciones, optimizando los recursos de nuestros clientes.<\/p><\/div>\r\n\t<\/div>\r\n<\/div>\r\n\r\n<div class=\"sh-column sh-column-1f4bc8fae0d364e25e9a9021a9d401c3 fw-col-xs-12 fw-col-sm-8\" >\r\n\r\n\t\r\n\t<div class=\"sh-column-wrapper\">\r\n\t\t\r\n<div id=\"text-block-585bf9c10332ccb73e16c25e00c19704\" class=\"sh-text-block\">\r\n\t<p><img class=\"size-full wp-image-2176 alignright\" src=\"https:\/\/himin.es\/himin\/wp-content\/uploads\/2019\/06\/Energi\u0301a-eficiente.png\" alt=\"\" width=\"718\" height=\"299\" \/><\/p><\/div>\r\n\t<\/div>\r\n<\/div>\r\n<\/div>\n\n<div class=\"fw-row\">\n\t\r\n<div class=\"sh-column sh-column-fe5dcdcb4a5fd640e3199cd2a18a79c5 fw-col-xs-12\" >\r\n\r\n\t\r\n\t<div class=\"sh-column-wrapper\">\r\n\t\t\r\n<div class=\"sh-empty-space\" id=\"empty-space-e1f564912b498ad53e8507ecd0f644da\"><\/div>\r\n\t<\/div>\r\n<\/div>\r\n<\/div>\n\n\t<\/div>\r\n<\/section>\r\n\r\n<section class=\"sh-section sh-section-b947f54344a4de507c47b4bd12c9e37e fw-main-row sh-section-visibility-everywhere\">\r\n\t\r\n\t\r\n\t<div class=\"sh-section-container container\">\r\n\t\t<div class=\"fw-row\">\n\t\r\n<div class=\"sh-column sh-column-dbd1bc08bc38e1e622c15ead0f949faa fw-col-xs-12 fw-col-sm-6\" >\r\n\r\n\t\r\n\t<div class=\"sh-column-wrapper\">\r\n\t\t\r\n<div class=\"sh-heading\" id=\"heading-6d6438cbe68b873033a3a5d28526012c\">\r\n\r\n\t\r\n\t\t<h1 class=\"sh-heading-content size-l text-left\">\r\n\t\t\tESTAMOS EN CONTACTO\t\t<\/h1>\r\n\r\n\t\r\n<\/div>\r\n\r\n<div id=\"text-block-8477565e2441c7eb4be571b066e8574b\" class=\"sh-text-block\">\r\n\t<p><span style=\"font-weight: 400;\">Para una cita o si tienes cualquier pregunta, <br \/>estaremos encantados de atenderte<\/span><\/p><\/div>\r\n\t<\/div>\r\n<\/div>\r\n\r\n<div class=\"sh-column sh-column-ec1bc4ae96c6947a495695a649819916 fw-col-xs-12 fw-col-sm-3\" >\r\n\r\n\t\r\n\t<div class=\"sh-column-wrapper\">\r\n\t\t\t<\/div>\r\n<\/div>\r\n\r\n<div class=\"sh-column sh-column-56d80ea230d67066220e4d4c06bc364d fw-col-xs-12 fw-col-sm-3\" >\r\n\r\n\t\r\n\t<div class=\"sh-column-wrapper\">\r\n\t\t\r\n<div id=\"button-1d7d69b7b2b360afc33ca25eeb056486\" class=\"sh-button-container sh-button-style-5\">\r\n\t<a href=\"https:\/\/himin.es\/himin\/contacto\/\" target=\"_blank\" class=\"sh-button sh-button-xlarge \">\r\n\r\n\t\t\r\n\t\t\t\t\t<span class=\"sh-button-text\">\r\n\t\t\t\tContactar\t\t\t<\/span>\r\n\t\t\r\n\t\t\r\n\t<\/a>\r\n\t<\/div>\r\n\t<\/div>\r\n<\/div>\r\n<\/div>\n\n\t<\/div>\r\n<\/section>\r\n<\/p>\n","protected":false},"excerpt":{"rendered":"<p>Esfuerzo, experiencia y calidad Somos un grupo de empresas internacionales cuyo proyecto lleva ya m\u00e1s de 12 a\u00f1os desarroll\u00e1ndose en el sector de las energ\u00edas renovables y m\u00e1s particularmente en el negocio de la energ\u00eda solar.Conformamos un gran equipo con enorme potencial, lo que nos&#8230;<\/p>\n","protected":false},"author":1,"featured_media":0,"parent":0,"menu_order":0,"comment_status":"closed","ping_status":"closed","template":"","meta":{"inline_featured_image":false,"_mi_skip_tracking":false},"_links":{"self":[{"href":"https:\/\/himin.es\/himin\/wp-json\/wp\/v2\/pages\/2187"}],"collection":[{"href":"https:\/\/himin.es\/himin\/wp-json\/wp\/v2\/pages"}],"about":[{"href":"https:\/\/himin.es\/himin\/wp-json\/wp\/v2\/types\/page"}],"author":[{"embeddable":true,"href":"https:\/\/himin.es\/himin\/wp-json\/wp\/v2\/users\/1"}],"replies":[{"embeddable":true,"href":"https:\/\/himin.es\/himin\/wp-json\/wp\/v2\/comments?post=2187"}],"version-history":[{"count":30,"href":"https:\/\/himin.es\/himin\/wp-json\/wp\/v2\/pages\/2187\/revisions"}],"predecessor-version":[{"id":2362,"href":"https:\/\/himin.es\/himin\/wp-json\/wp\/v2\/pages\/2187\/revisions\/2362"}],"wp:attachment":[{"href":"https:\/\/himin.es\/himin\/wp-json\/wp\/v2\/media?parent=2187"}],"curies":[{"name":"wp","href":"https:\/\/api.w.org\/{rel}","templated":true}]}}